{"id":102,"date":"2021-01-21T15:56:41","date_gmt":"2021-01-21T14:56:41","guid":{"rendered":"http:\/\/localhost\/WordPress\/?page_id=102"},"modified":"2026-02-02T15:38:43","modified_gmt":"2026-02-02T14:38:43","slug":"projekty-wnetrza","status":"publish","type":"page","link":"https:\/\/w-pokoiku.pl\/index.php\/strona-glowna\/projekty-wnetrza\/","title":{"rendered":"GALERIA WN\u0118TRZA"},"content":{"rendered":"\n<p><\/p>\n\n\n\n<p><a href=\"https:\/\/w-pokoiku.pl\/index.php\/oferta\/\">Oferta<\/a><\/p>\n\n\n\n<p>KONCPECJE PROJEKTOWE<\/p>\n\n\n\n<div class=\"wp-block-group\"><div class=\"wp-block-group__inner-container is-layout-flow wp-block-group-is-layout-flow\">\n<div class=\"wp-block-group\"><div class=\"wp-block-group__inner-container is-layout-flow wp-block-group-is-layout-flow\">\n<div class=\"wp-block-group is-vertical is-layout-flex wp-container-core-group-is-layout-8cf370e7 wp-block-group-is-layout-flex\">\n<div class=\"wp-block-group\"><div class=\"wp-block-group__inner-container is-layout-flow wp-block-group-is-layout-flow\">\n<div class=\"wp-block-group\"><div class=\"wp-block-group__inner-container is-layout-flow wp-block-group-is-layout-flow\">\n<div class=\"wp-block-group\"><div class=\"wp-block-group__inner-container is-layout-flow wp-block-group-is-layout-flow\">\n<div class=\"wp-block-group is-vertical is-layout-flex wp-container-core-group-is-layout-8cf370e7 wp-block-group-is-layout-flex\">\n<div class=\"wp-block-group\"><div class=\"wp-block-group__inner-container is-layout-flow wp-block-group-is-layout-flow\">\n<figure class=\"wp-block-gallery has-nested-images columns-4 is-cropped wp-block-gallery-1 is-layout-flex wp-block-gallery-is-layout-flex\">\n<figure class=\"wp-block-image size-large\"><a href=\"https:\/\/w-pokoiku.pl\/index.php\/projekty-wnetrza\/pokoj-muzyczny\/\"><img loading=\"lazy\" decoding=\"async\" width=\"1024\" height=\"576\" data-id=\"1454\" src=\"https:\/\/w-pokoiku.pl\/wp-content\/uploads\/2024\/09\/POKOJ_1_c-2-1024x576.jpg\" alt=\"\" class=\"wp-image-1454\" srcset=\"https:\/\/w-pokoiku.pl\/wp-content\/uploads\/2024\/09\/POKOJ_1_c-2-1024x576.jpg 1024w, https:\/\/w-pokoiku.pl\/wp-content\/uploads\/2024\/09\/POKOJ_1_c-2-500x281.jpg 500w, https:\/\/w-pokoiku.pl\/wp-content\/uploads\/2024\/09\/POKOJ_1_c-2-300x169.jpg 300w, https:\/\/w-pokoiku.pl\/wp-content\/uploads\/2024\/09\/POKOJ_1_c-2-768x432.jpg 768w, https:\/\/w-pokoiku.pl\/wp-content\/uploads\/2024\/09\/POKOJ_1_c-2-1536x864.jpg 1536w, https:\/\/w-pokoiku.pl\/wp-content\/uploads\/2024\/09\/POKOJ_1_c-2-2048x1152.jpg 2048w, https:\/\/w-pokoiku.pl\/wp-content\/uploads\/2024\/09\/POKOJ_1_c-2-107x60.jpg 107w\" sizes=\"auto, (max-width: 1024px) 100vw, 1024px\" \/><\/a><figcaption class=\"wp-element-caption\"><a href=\"https:\/\/w-pokoiku.pl\/index.php\/projekty-wnetrza\/kuchnia-premium\/\">Pok\u00f3j muzyczny<\/a><\/figcaption><\/figure>\n\n\n\n<figure class=\"wp-block-image size-large\"><a href=\"https:\/\/w-pokoiku.pl\/index.php\/projekty\/projekty-wnetrza\/salon-z-aneksem-kuchennym-olsztyn\/\"><img loading=\"lazy\" decoding=\"async\" width=\"1500\" height=\"900\" data-id=\"951\" src=\"https:\/\/w-pokoiku.pl\/wp-content\/uploads\/2022\/05\/6-5.jpg\" alt=\"\" class=\"wp-image-951\" srcset=\"https:\/\/w-pokoiku.pl\/wp-content\/uploads\/2022\/05\/6-5.jpg 1500w, https:\/\/w-pokoiku.pl\/wp-content\/uploads\/2022\/05\/6-5-500x300.jpg 500w, https:\/\/w-pokoiku.pl\/wp-content\/uploads\/2022\/05\/6-5-1024x614.jpg 1024w, https:\/\/w-pokoiku.pl\/wp-content\/uploads\/2022\/05\/6-5-300x180.jpg 300w, https:\/\/w-pokoiku.pl\/wp-content\/uploads\/2022\/05\/6-5-768x461.jpg 768w\" sizes=\"auto, (max-width: 1500px) 100vw, 1500px\" \/><\/a><figcaption class=\"wp-element-caption\"><a href=\"https:\/\/w-pokoiku.pl\/index.php\/projekty\/projekty-wnetrza\/salon-z-aneksem-kuchennym-olsztyn\/\">Salon z aneksem kuchennym<\/a><\/figcaption><\/figure>\n\n\n\n<figure class=\"wp-block-image size-large\"><a href=\"https:\/\/w-pokoiku.pl\/index.php\/projekty-wnetrza\/sciana-telewizyjna-z-kominkiem\/\"><img loading=\"lazy\" decoding=\"async\" width=\"1024\" height=\"819\" data-id=\"1541\" src=\"https:\/\/w-pokoiku.pl\/wp-content\/uploads\/2024\/09\/PORTFOLIO-7-1024x819.png\" alt=\"\" class=\"wp-image-1541\" srcset=\"https:\/\/w-pokoiku.pl\/wp-content\/uploads\/2024\/09\/PORTFOLIO-7-1024x819.png 1024w, https:\/\/w-pokoiku.pl\/wp-content\/uploads\/2024\/09\/PORTFOLIO-7-500x400.png 500w, https:\/\/w-pokoiku.pl\/wp-content\/uploads\/2024\/09\/PORTFOLIO-7-300x240.png 300w, https:\/\/w-pokoiku.pl\/wp-content\/uploads\/2024\/09\/PORTFOLIO-7-768x614.png 768w, https:\/\/w-pokoiku.pl\/wp-content\/uploads\/2024\/09\/PORTFOLIO-7-1536x1229.png 1536w, https:\/\/w-pokoiku.pl\/wp-content\/uploads\/2024\/09\/PORTFOLIO-7-75x60.png 75w, https:\/\/w-pokoiku.pl\/wp-content\/uploads\/2024\/09\/PORTFOLIO-7.png 2000w\" sizes=\"auto, (max-width: 1024px) 100vw, 1024px\" \/><\/a><figcaption class=\"wp-element-caption\"><a href=\"https:\/\/w-pokoiku.pl\/index.php\/projekty-wnetrza\/sciana-telewizyjna-z-kominkiem\/\">\u015aciana telewizyjna z kominkiem<\/a><\/figcaption><\/figure>\n\n\n\n<figure class=\"wp-block-image size-large\"><a href=\"https:\/\/w-pokoiku.pl\/index.php\/projekty-wnetrza\/salon-z-otwarta-kuchnia\/\"><img loading=\"lazy\" decoding=\"async\" width=\"1024\" height=\"819\" data-id=\"1525\" src=\"https:\/\/w-pokoiku.pl\/wp-content\/uploads\/2024\/09\/PORTFOLIO-5-1024x819.png\" alt=\"\" class=\"wp-image-1525\" srcset=\"https:\/\/w-pokoiku.pl\/wp-content\/uploads\/2024\/09\/PORTFOLIO-5-1024x819.png 1024w, https:\/\/w-pokoiku.pl\/wp-content\/uploads\/2024\/09\/PORTFOLIO-5-500x400.png 500w, https:\/\/w-pokoiku.pl\/wp-content\/uploads\/2024\/09\/PORTFOLIO-5-300x240.png 300w, https:\/\/w-pokoiku.pl\/wp-content\/uploads\/2024\/09\/PORTFOLIO-5-768x614.png 768w, https:\/\/w-pokoiku.pl\/wp-content\/uploads\/2024\/09\/PORTFOLIO-5-1536x1229.png 1536w, https:\/\/w-pokoiku.pl\/wp-content\/uploads\/2024\/09\/PORTFOLIO-5-75x60.png 75w, https:\/\/w-pokoiku.pl\/wp-content\/uploads\/2024\/09\/PORTFOLIO-5.png 2000w\" sizes=\"auto, (max-width: 1024px) 100vw, 1024px\" \/><\/a><figcaption class=\"wp-element-caption\"><a href=\"https:\/\/w-pokoiku.pl\/index.php\/projekty-wnetrza\/salon-z-otwarta-kuchnia\/\">Salon z otwart\u0105 kuchni\u0105<\/a><\/figcaption><\/figure>\n<\/figure>\n\n\n\n<p><\/p>\n<\/div><\/div>\n<\/div>\n<\/div><\/div>\n<\/div><\/div>\n<\/div><\/div>\n<\/div>\n<\/div><\/div>\n\n\n\n<p>PROJEKTY<\/p>\n\n\n\n<figure class=\"wp-block-gallery has-nested-images columns-default is-cropped wp-block-gallery-2 is-layout-flex wp-block-gallery-is-layout-flex\">\n<figure class=\"wp-block-image size-large\"><a href=\"https:\/\/w-pokoiku.pl\/index.php\/projekty-wnetrza\/pokoj-nastolatki-koncepcja-w-stylu-boho\/\"><img loading=\"lazy\" decoding=\"async\" width=\"1024\" height=\"576\" data-id=\"1481\" src=\"https:\/\/w-pokoiku.pl\/wp-content\/uploads\/2024\/09\/POKOJ-NASTOLATKI-1024x576.png\" alt=\"\" class=\"wp-image-1481\" srcset=\"https:\/\/w-pokoiku.pl\/wp-content\/uploads\/2024\/09\/POKOJ-NASTOLATKI-1024x576.png 1024w, https:\/\/w-pokoiku.pl\/wp-content\/uploads\/2024\/09\/POKOJ-NASTOLATKI-500x281.png 500w, https:\/\/w-pokoiku.pl\/wp-content\/uploads\/2024\/09\/POKOJ-NASTOLATKI-300x169.png 300w, https:\/\/w-pokoiku.pl\/wp-content\/uploads\/2024\/09\/POKOJ-NASTOLATKI-768x432.png 768w, https:\/\/w-pokoiku.pl\/wp-content\/uploads\/2024\/09\/POKOJ-NASTOLATKI-1536x864.png 1536w, https:\/\/w-pokoiku.pl\/wp-content\/uploads\/2024\/09\/POKOJ-NASTOLATKI-107x60.png 107w, https:\/\/w-pokoiku.pl\/wp-content\/uploads\/2024\/09\/POKOJ-NASTOLATKI.png 1920w\" sizes=\"auto, (max-width: 1024px) 100vw, 1024px\" \/><\/a><figcaption class=\"wp-element-caption\"><a href=\"https:\/\/w-pokoiku.pl\/index.php\/projekty-wnetrza\/pokoj-nastolatki-koncepcja-w-stylu-boho\/\">Pok\u00f3j nastolatki <\/a><\/figcaption><\/figure>\n\n\n\n<figure class=\"wp-block-image size-large\"><a href=\"https:\/\/w-pokoiku.pl\/index.php\/projekty-wnetrza\/mieszkanie-36m2-olsztyn-ul-barcza\/\"><img loading=\"lazy\" decoding=\"async\" width=\"1024\" height=\"819\" data-id=\"1498\" src=\"https:\/\/w-pokoiku.pl\/wp-content\/uploads\/2024\/09\/17-1-1024x819.png\" alt=\"\" class=\"wp-image-1498\" srcset=\"https:\/\/w-pokoiku.pl\/wp-content\/uploads\/2024\/09\/17-1-1024x819.png 1024w, https:\/\/w-pokoiku.pl\/wp-content\/uploads\/2024\/09\/17-1-500x400.png 500w, https:\/\/w-pokoiku.pl\/wp-content\/uploads\/2024\/09\/17-1-300x240.png 300w, https:\/\/w-pokoiku.pl\/wp-content\/uploads\/2024\/09\/17-1-768x614.png 768w, https:\/\/w-pokoiku.pl\/wp-content\/uploads\/2024\/09\/17-1-1536x1229.png 1536w, https:\/\/w-pokoiku.pl\/wp-content\/uploads\/2024\/09\/17-1-75x60.png 75w, https:\/\/w-pokoiku.pl\/wp-content\/uploads\/2024\/09\/17-1.png 2000w\" sizes=\"auto, (max-width: 1024px) 100vw, 1024px\" \/><\/a><figcaption class=\"wp-element-caption\"><a href=\"https:\/\/w-pokoiku.pl\/index.php\/projekty-wnetrza\/mieszkanie-36m2-olsztyn-ul-barcza\/\">Pok\u00f3j nastolatka<\/a><\/figcaption><\/figure>\n\n\n\n<figure class=\"wp-block-image size-large\"><a href=\"https:\/\/w-pokoiku.pl\/index.php\/projekty-wnetrza\/mala-lazienka-z-wanna\/\"><img loading=\"lazy\" decoding=\"async\" width=\"1024\" height=\"819\" data-id=\"1515\" src=\"https:\/\/w-pokoiku.pl\/wp-content\/uploads\/2024\/09\/7-1024x819.png\" alt=\"\" class=\"wp-image-1515\" srcset=\"https:\/\/w-pokoiku.pl\/wp-content\/uploads\/2024\/09\/7-1024x819.png 1024w, https:\/\/w-pokoiku.pl\/wp-content\/uploads\/2024\/09\/7-500x400.png 500w, https:\/\/w-pokoiku.pl\/wp-content\/uploads\/2024\/09\/7-300x240.png 300w, https:\/\/w-pokoiku.pl\/wp-content\/uploads\/2024\/09\/7-768x614.png 768w, https:\/\/w-pokoiku.pl\/wp-content\/uploads\/2024\/09\/7-1536x1229.png 1536w, https:\/\/w-pokoiku.pl\/wp-content\/uploads\/2024\/09\/7-75x60.png 75w, https:\/\/w-pokoiku.pl\/wp-content\/uploads\/2024\/09\/7.png 2000w\" sizes=\"auto, (max-width: 1024px) 100vw, 1024px\" \/><\/a><figcaption class=\"wp-element-caption\"><a href=\"https:\/\/w-pokoiku.pl\/index.php\/projekty-wnetrza\/mala-lazienka-z-wanna\/\">Ma\u0142a \u0142azienka z wann\u0105<\/a><\/figcaption><\/figure>\n\n\n\n<figure class=\"wp-block-image size-large\"><a href=\"https:\/\/w-pokoiku.pl\/index.php\/projekty\/projekty-wnetrza\/kuchnia-premium\/\"><img loading=\"lazy\" decoding=\"async\" width=\"1500\" height=\"900\" data-id=\"903\" src=\"https:\/\/w-pokoiku.pl\/wp-content\/uploads\/2022\/05\/1-4.jpg\" alt=\"\" class=\"wp-image-903\" srcset=\"https:\/\/w-pokoiku.pl\/wp-content\/uploads\/2022\/05\/1-4.jpg 1500w, https:\/\/w-pokoiku.pl\/wp-content\/uploads\/2022\/05\/1-4-500x300.jpg 500w, https:\/\/w-pokoiku.pl\/wp-content\/uploads\/2022\/05\/1-4-1024x614.jpg 1024w, https:\/\/w-pokoiku.pl\/wp-content\/uploads\/2022\/05\/1-4-300x180.jpg 300w, https:\/\/w-pokoiku.pl\/wp-content\/uploads\/2022\/05\/1-4-768x461.jpg 768w\" sizes=\"auto, (max-width: 1500px) 100vw, 1500px\" \/><\/a><figcaption class=\"wp-element-caption\"><a href=\"https:\/\/w-pokoiku.pl\/index.php\/projekty-wnetrza\/kuchnia-premium\/\">Aneks kuchenny ze skosami<\/a><\/figcaption><\/figure>\n\n\n\n<figure class=\"wp-block-image size-large\"><a href=\"https:\/\/w-pokoiku.pl\/index.php\/projekty\/projekty-wnetrza\/mieszkanie-46m2-olsztyn\/\"><img loading=\"lazy\" decoding=\"async\" width=\"1500\" height=\"900\" data-id=\"887\" src=\"https:\/\/w-pokoiku.pl\/wp-content\/uploads\/2022\/05\/2-1.jpg\" alt=\"\" class=\"wp-image-887\" srcset=\"https:\/\/w-pokoiku.pl\/wp-content\/uploads\/2022\/05\/2-1.jpg 1500w, https:\/\/w-pokoiku.pl\/wp-content\/uploads\/2022\/05\/2-1-500x300.jpg 500w, https:\/\/w-pokoiku.pl\/wp-content\/uploads\/2022\/05\/2-1-1024x614.jpg 1024w, https:\/\/w-pokoiku.pl\/wp-content\/uploads\/2022\/05\/2-1-300x180.jpg 300w, https:\/\/w-pokoiku.pl\/wp-content\/uploads\/2022\/05\/2-1-768x461.jpg 768w\" sizes=\"auto, (max-width: 1500px) 100vw, 1500px\" \/><\/a><figcaption class=\"wp-element-caption\"><a href=\"https:\/\/w-pokoiku.pl\/index.php\/projekty\/projekty-wnetrza\/mieszkanie-46m2-olsztyn\/\">Kuchnia z aneksem wypoczynkowym i \u0142azienk\u0105 &#8211; 40m2, Olsztyn<\/a><\/figcaption><\/figure>\n\n\n\n<figure class=\"wp-block-image size-large\"><a href=\"https:\/\/w-pokoiku.pl\/index.php\/projekty-wnetrza\/jedna-kuchnia-wiele-mozliwosci\/\"><img loading=\"lazy\" decoding=\"async\" width=\"1024\" height=\"819\" data-id=\"1501\" src=\"https:\/\/w-pokoiku.pl\/wp-content\/uploads\/2024\/09\/23-2-1024x819.png\" alt=\"\" class=\"wp-image-1501\" srcset=\"https:\/\/w-pokoiku.pl\/wp-content\/uploads\/2024\/09\/23-2-1024x819.png 1024w, https:\/\/w-pokoiku.pl\/wp-content\/uploads\/2024\/09\/23-2-500x400.png 500w, https:\/\/w-pokoiku.pl\/wp-content\/uploads\/2024\/09\/23-2-300x240.png 300w, https:\/\/w-pokoiku.pl\/wp-content\/uploads\/2024\/09\/23-2-768x614.png 768w, https:\/\/w-pokoiku.pl\/wp-content\/uploads\/2024\/09\/23-2-1536x1229.png 1536w, https:\/\/w-pokoiku.pl\/wp-content\/uploads\/2024\/09\/23-2-75x60.png 75w, https:\/\/w-pokoiku.pl\/wp-content\/uploads\/2024\/09\/23-2.png 2000w\" sizes=\"auto, (max-width: 1024px) 100vw, 1024px\" \/><\/a><figcaption class=\"wp-element-caption\"><a href=\"https:\/\/w-pokoiku.pl\/index.php\/projekty-wnetrza\/jedna-kuchnia-wiele-mozliwosci\/\">Biuro open space<\/a><\/figcaption><\/figure>\n<\/figure>\n\n\n\n<figure class=\"wp-block-gallery has-nested-images columns-default is-cropped wp-block-gallery-3 is-layout-flex wp-block-gallery-is-layout-flex\">\n<figure class=\"wp-block-image size-large\"><a href=\"https:\/\/w-pokoiku.pl\/index.php\/projekty-wnetrza\/gabinet-w-domu\/\"><img loading=\"lazy\" decoding=\"async\" width=\"1024\" height=\"768\" data-id=\"1607\" src=\"https:\/\/w-pokoiku.pl\/wp-content\/uploads\/2025\/05\/gabinet_2_1-1024x768.jpg\" alt=\"\" class=\"wp-image-1607\" srcset=\"https:\/\/w-pokoiku.pl\/wp-content\/uploads\/2025\/05\/gabinet_2_1-1024x768.jpg 1024w, https:\/\/w-pokoiku.pl\/wp-content\/uploads\/2025\/05\/gabinet_2_1-500x375.jpg 500w, https:\/\/w-pokoiku.pl\/wp-content\/uploads\/2025\/05\/gabinet_2_1-300x225.jpg 300w, https:\/\/w-pokoiku.pl\/wp-content\/uploads\/2025\/05\/gabinet_2_1-768x576.jpg 768w, https:\/\/w-pokoiku.pl\/wp-content\/uploads\/2025\/05\/gabinet_2_1-1536x1152.jpg 1536w, https:\/\/w-pokoiku.pl\/wp-content\/uploads\/2025\/05\/gabinet_2_1-80x60.jpg 80w, https:\/\/w-pokoiku.pl\/wp-content\/uploads\/2025\/05\/gabinet_2_1.jpg 1600w\" sizes=\"auto, (max-width: 1024px) 100vw, 1024px\" \/><\/a><figcaption class=\"wp-element-caption\"><a href=\"https:\/\/w-pokoiku.pl\/index.php\/projekty-wnetrza\/gabinet-w-domu\/\">Gabinet w domu<\/a><\/figcaption><\/figure>\n\n\n\n<figure class=\"wp-block-image size-large\"><a href=\"https:\/\/w-pokoiku.pl\/index.php\/projekty-wnetrza\/pokoj-nastolatka-na-poddaszu\/\"><img loading=\"lazy\" decoding=\"async\" width=\"1024\" height=\"768\" data-id=\"1610\" src=\"https:\/\/w-pokoiku.pl\/wp-content\/uploads\/2025\/05\/dodatek4-1024x768.jpg\" alt=\"\" class=\"wp-image-1610\" srcset=\"https:\/\/w-pokoiku.pl\/wp-content\/uploads\/2025\/05\/dodatek4-1024x768.jpg 1024w, https:\/\/w-pokoiku.pl\/wp-content\/uploads\/2025\/05\/dodatek4-500x375.jpg 500w, https:\/\/w-pokoiku.pl\/wp-content\/uploads\/2025\/05\/dodatek4-300x225.jpg 300w, https:\/\/w-pokoiku.pl\/wp-content\/uploads\/2025\/05\/dodatek4-768x576.jpg 768w, https:\/\/w-pokoiku.pl\/wp-content\/uploads\/2025\/05\/dodatek4-1536x1152.jpg 1536w, https:\/\/w-pokoiku.pl\/wp-content\/uploads\/2025\/05\/dodatek4-80x60.jpg 80w, https:\/\/w-pokoiku.pl\/wp-content\/uploads\/2025\/05\/dodatek4.jpg 1600w\" sizes=\"auto, (max-width: 1024px) 100vw, 1024px\" \/><\/a><figcaption class=\"wp-element-caption\"><a href=\"https:\/\/w-pokoiku.pl\/index.php\/projekty-wnetrza\/pokoj-nastolatka-na-poddaszu\/\">Pok\u00f3j nastolatka na poddaszu<\/a><\/figcaption><\/figure>\n<\/figure>\n\n\n\n<p>REALIZACJE<\/p>\n\n\n\n<figure class=\"wp-block-gallery has-nested-images columns-default is-cropped wp-block-gallery-4 is-layout-flex wp-block-gallery-is-layout-flex\">\n<figure class=\"wp-block-image size-full\"><a href=\"https:\/\/w-pokoiku.pl\/index.php\/projekty-wnetrza\/biura\/\"><img loading=\"lazy\" decoding=\"async\" width=\"462\" height=\"617\" data-id=\"1563\" src=\"https:\/\/w-pokoiku.pl\/wp-content\/uploads\/2025\/05\/image-1.png\" alt=\"\" class=\"wp-image-1563\" srcset=\"https:\/\/w-pokoiku.pl\/wp-content\/uploads\/2025\/05\/image-1.png 462w, https:\/\/w-pokoiku.pl\/wp-content\/uploads\/2025\/05\/image-1-374x500.png 374w, https:\/\/w-pokoiku.pl\/wp-content\/uploads\/2025\/05\/image-1-225x300.png 225w, https:\/\/w-pokoiku.pl\/wp-content\/uploads\/2025\/05\/image-1-45x60.png 45w\" sizes=\"auto, (max-width: 462px) 100vw, 462px\" \/><\/a><figcaption class=\"wp-element-caption\"><a href=\"https:\/\/w-pokoiku.pl\/index.php\/projekty-wnetrza\/biura\/\">Biuro<\/a><\/figcaption><\/figure>\n\n\n\n<figure class=\"wp-block-image size-large\"><a href=\"https:\/\/w-pokoiku.pl\/index.php\/projekty-wnetrza\/male-lazienki\/\"><img loading=\"lazy\" decoding=\"async\" width=\"1024\" height=\"768\" data-id=\"1566\" src=\"https:\/\/w-pokoiku.pl\/wp-content\/uploads\/2025\/05\/IMG_20241115_075931107_HDR_1-1024x768.jpg\" alt=\"\" class=\"wp-image-1566\" srcset=\"https:\/\/w-pokoiku.pl\/wp-content\/uploads\/2025\/05\/IMG_20241115_075931107_HDR_1-1024x768.jpg 1024w, https:\/\/w-pokoiku.pl\/wp-content\/uploads\/2025\/05\/IMG_20241115_075931107_HDR_1-500x375.jpg 500w, https:\/\/w-pokoiku.pl\/wp-content\/uploads\/2025\/05\/IMG_20241115_075931107_HDR_1-300x225.jpg 300w, https:\/\/w-pokoiku.pl\/wp-content\/uploads\/2025\/05\/IMG_20241115_075931107_HDR_1-768x576.jpg 768w, https:\/\/w-pokoiku.pl\/wp-content\/uploads\/2025\/05\/IMG_20241115_075931107_HDR_1-1536x1152.jpg 1536w, https:\/\/w-pokoiku.pl\/wp-content\/uploads\/2025\/05\/IMG_20241115_075931107_HDR_1-2048x1536.jpg 2048w, https:\/\/w-pokoiku.pl\/wp-content\/uploads\/2025\/05\/IMG_20241115_075931107_HDR_1-80x60.jpg 80w\" sizes=\"auto, (max-width: 1024px) 100vw, 1024px\" \/><\/a><figcaption class=\"wp-element-caption\"><a href=\"https:\/\/w-pokoiku.pl\/index.php\/projekty-wnetrza\/male-lazienki\/\">Ma\u0142e \u0142azienki<\/a><\/figcaption><\/figure>\n\n\n\n<figure class=\"wp-block-image size-large\"><a href=\"https:\/\/w-pokoiku.pl\/index.php\/projekty-wnetrza\/mieszkanie-79m2-olsztyn\/\"><img loading=\"lazy\" decoding=\"async\" width=\"1024\" height=\"771\" data-id=\"1575\" src=\"https:\/\/w-pokoiku.pl\/wp-content\/uploads\/2025\/05\/IMG20250506112748-1024x771.jpg\" alt=\"\" class=\"wp-image-1575\" srcset=\"https:\/\/w-pokoiku.pl\/wp-content\/uploads\/2025\/05\/IMG20250506112748-1024x771.jpg 1024w, https:\/\/w-pokoiku.pl\/wp-content\/uploads\/2025\/05\/IMG20250506112748-500x376.jpg 500w, https:\/\/w-pokoiku.pl\/wp-content\/uploads\/2025\/05\/IMG20250506112748-300x226.jpg 300w, https:\/\/w-pokoiku.pl\/wp-content\/uploads\/2025\/05\/IMG20250506112748-768x578.jpg 768w, https:\/\/w-pokoiku.pl\/wp-content\/uploads\/2025\/05\/IMG20250506112748-1536x1157.jpg 1536w, https:\/\/w-pokoiku.pl\/wp-content\/uploads\/2025\/05\/IMG20250506112748-2048x1542.jpg 2048w, https:\/\/w-pokoiku.pl\/wp-content\/uploads\/2025\/05\/IMG20250506112748-80x60.jpg 80w\" sizes=\"auto, (max-width: 1024px) 100vw, 1024px\" \/><\/a><figcaption class=\"wp-element-caption\"><a href=\"https:\/\/w-pokoiku.pl\/index.php\/projekty-wnetrza\/mieszkanie-79m2-olsztyn\/\">Kuchnia otwarta na dom<\/a><\/figcaption><\/figure>\n<\/figure>\n<\/div><\/div>\n\n\n\n<p>PROJEKTY INWESTYCYJNE<\/p>\n\n\n\n<figure class=\"wp-block-image size-large\"><a href=\"https:\/\/w-pokoiku.pl\/index.php\/galeria-projekty\/wynajem\/\"><img loading=\"lazy\" decoding=\"async\" width=\"1024\" height=\"768\" src=\"https:\/\/w-pokoiku.pl\/wp-content\/uploads\/2026\/02\/SALON-1024x768.jpg\" alt=\"\" class=\"wp-image-1823\" srcset=\"https:\/\/w-pokoiku.pl\/wp-content\/uploads\/2026\/02\/SALON-1024x768.jpg 1024w, https:\/\/w-pokoiku.pl\/wp-content\/uploads\/2026\/02\/SALON-500x375.jpg 500w, https:\/\/w-pokoiku.pl\/wp-content\/uploads\/2026\/02\/SALON-300x225.jpg 300w, https:\/\/w-pokoiku.pl\/wp-content\/uploads\/2026\/02\/SALON-768x576.jpg 768w, https:\/\/w-pokoiku.pl\/wp-content\/uploads\/2026\/02\/SALON-1536x1152.jpg 1536w, https:\/\/w-pokoiku.pl\/wp-content\/uploads\/2026\/02\/SALON-80x60.jpg 80w, https:\/\/w-pokoiku.pl\/wp-content\/uploads\/2026\/02\/SALON.jpg 1600w\" sizes=\"auto, (max-width: 1024px) 100vw, 1024px\" \/><\/a><\/figure>\n\n\n\n<p><\/p>\n","protected":false},"excerpt":{"rendered":"<p>Oferta KONCPECJE PROJEKTOWE PROJEKTY REALIZACJE PROJEKTY INWESTYCYJNE<\/p>\n","protected":false},"author":1,"featured_media":0,"parent":8,"menu_order":0,"comment_status":"closed","ping_status":"closed","template":"","meta":{"footnotes":""},"class_list":["post-102","page","type-page","status-publish","hentry"],"_links":{"self":[{"href":"https:\/\/w-pokoiku.pl\/index.php\/wp-json\/wp\/v2\/pages\/102","targetHints":{"allow":["GET"]}}],"collection":[{"href":"https:\/\/w-pokoiku.pl\/index.php\/wp-json\/wp\/v2\/pages"}],"about":[{"href":"https:\/\/w-pokoiku.pl\/index.php\/wp-json\/wp\/v2\/types\/page"}],"author":[{"embeddable":true,"href":"https:\/\/w-pokoiku.pl\/index.php\/wp-json\/wp\/v2\/users\/1"}],"replies":[{"embeddable":true,"href":"https:\/\/w-pokoiku.pl\/index.php\/wp-json\/wp\/v2\/comments?post=102"}],"version-history":[{"count":151,"href":"https:\/\/w-pokoiku.pl\/index.php\/wp-json\/wp\/v2\/pages\/102\/revisions"}],"predecessor-version":[{"id":1850,"href":"https:\/\/w-pokoiku.pl\/index.php\/wp-json\/wp\/v2\/pages\/102\/revisions\/1850"}],"up":[{"embeddable":true,"href":"https:\/\/w-pokoiku.pl\/index.php\/wp-json\/wp\/v2\/pages\/8"}],"wp:attachment":[{"href":"https:\/\/w-pokoiku.pl\/index.php\/wp-json\/wp\/v2\/media?parent=102"}],"curies":[{"name":"wp","href":"https:\/\/api.w.org\/{rel}","templated":true}]}}