{"id":1518,"date":"2024-09-10T11:14:14","date_gmt":"2024-09-10T09:14:14","guid":{"rendered":"https:\/\/w-pokoiku.pl\/?page_id=1518"},"modified":"2025-05-09T17:41:31","modified_gmt":"2025-05-09T15:41:31","slug":"mala-lazienka-z-wanna","status":"publish","type":"page","link":"https:\/\/w-pokoiku.pl\/index.php\/strona-glowna\/projekty-wnetrza\/mala-lazienka-z-wanna\/","title":{"rendered":"Ma\u0142a \u0142azienka z wann\u0105"},"content":{"rendered":"\n<p><a href=\"https:\/\/w-pokoiku.pl\/index.php\/projekty-wnetrza\/\">Powr\u00f3t do galerii<\/a><\/p>\n\n\n\n<figure class=\"wp-block-gallery has-nested-images columns-default is-cropped wp-block-gallery-1 is-layout-flex wp-block-gallery-is-layout-flex\">\n<figure class=\"wp-block-image size-large\"><a href=\"https:\/\/w-pokoiku.pl\/wp-content\/uploads\/2024\/09\/7-1.png\"><img loading=\"lazy\" decoding=\"async\" width=\"1024\" height=\"819\" data-id=\"1520\" src=\"https:\/\/w-pokoiku.pl\/wp-content\/uploads\/2024\/09\/7-1-1024x819.png\" alt=\"\" class=\"wp-image-1520\" srcset=\"https:\/\/w-pokoiku.pl\/wp-content\/uploads\/2024\/09\/7-1-1024x819.png 1024w, https:\/\/w-pokoiku.pl\/wp-content\/uploads\/2024\/09\/7-1-500x400.png 500w, https:\/\/w-pokoiku.pl\/wp-content\/uploads\/2024\/09\/7-1-300x240.png 300w, https:\/\/w-pokoiku.pl\/wp-content\/uploads\/2024\/09\/7-1-768x614.png 768w, https:\/\/w-pokoiku.pl\/wp-content\/uploads\/2024\/09\/7-1-1536x1229.png 1536w, https:\/\/w-pokoiku.pl\/wp-content\/uploads\/2024\/09\/7-1-75x60.png 75w, https:\/\/w-pokoiku.pl\/wp-content\/uploads\/2024\/09\/7-1.png 2000w\" sizes=\"auto, (max-width: 1024px) 100vw, 1024px\" \/><\/a><\/figure>\n\n\n\n<figure class=\"wp-block-image size-large\"><a href=\"https:\/\/w-pokoiku.pl\/wp-content\/uploads\/2024\/09\/8.png\"><img loading=\"lazy\" decoding=\"async\" width=\"1024\" height=\"819\" data-id=\"1519\" src=\"https:\/\/w-pokoiku.pl\/wp-content\/uploads\/2024\/09\/8-1024x819.png\" alt=\"\" class=\"wp-image-1519\" srcset=\"https:\/\/w-pokoiku.pl\/wp-content\/uploads\/2024\/09\/8-1024x819.png 1024w, https:\/\/w-pokoiku.pl\/wp-content\/uploads\/2024\/09\/8-500x400.png 500w, https:\/\/w-pokoiku.pl\/wp-content\/uploads\/2024\/09\/8-300x240.png 300w, https:\/\/w-pokoiku.pl\/wp-content\/uploads\/2024\/09\/8-768x614.png 768w, https:\/\/w-pokoiku.pl\/wp-content\/uploads\/2024\/09\/8-1536x1229.png 1536w, https:\/\/w-pokoiku.pl\/wp-content\/uploads\/2024\/09\/8-75x60.png 75w, https:\/\/w-pokoiku.pl\/wp-content\/uploads\/2024\/09\/8.png 2000w\" sizes=\"auto, (max-width: 1024px) 100vw, 1024px\" \/><\/a><\/figure>\n<\/figure>\n","protected":false},"excerpt":{"rendered":"<p>Powr\u00f3t do galerii<\/p>\n","protected":false},"author":2,"featured_media":0,"parent":102,"menu_order":0,"comment_status":"closed","ping_status":"closed","template":"","meta":{"footnotes":""},"class_list":["post-1518","page","type-page","status-publish","hentry"],"_links":{"self":[{"href":"https:\/\/w-pokoiku.pl\/index.php\/wp-json\/wp\/v2\/pages\/1518","targetHints":{"allow":["GET"]}}],"collection":[{"href":"https:\/\/w-pokoiku.pl\/index.php\/wp-json\/wp\/v2\/pages"}],"about":[{"href":"https:\/\/w-pokoiku.pl\/index.php\/wp-json\/wp\/v2\/types\/page"}],"author":[{"embeddable":true,"href":"https:\/\/w-pokoiku.pl\/index.php\/wp-json\/wp\/v2\/users\/2"}],"replies":[{"embeddable":true,"href":"https:\/\/w-pokoiku.pl\/index.php\/wp-json\/wp\/v2\/comments?post=1518"}],"version-history":[{"count":2,"href":"https:\/\/w-pokoiku.pl\/index.php\/wp-json\/wp\/v2\/pages\/1518\/revisions"}],"predecessor-version":[{"id":1524,"href":"https:\/\/w-pokoiku.pl\/index.php\/wp-json\/wp\/v2\/pages\/1518\/revisions\/1524"}],"up":[{"embeddable":true,"href":"https:\/\/w-pokoiku.pl\/index.php\/wp-json\/wp\/v2\/pages\/102"}],"wp:attachment":[{"href":"https:\/\/w-pokoiku.pl\/index.php\/wp-json\/wp\/v2\/media?parent=1518"}],"curies":[{"name":"wp","href":"https:\/\/api.w.org\/{rel}","templated":true}]}}