{"id":1602,"date":"2025-05-09T11:53:07","date_gmt":"2025-05-09T09:53:07","guid":{"rendered":"https:\/\/w-pokoiku.pl\/?page_id=1602"},"modified":"2026-02-02T14:46:28","modified_gmt":"2026-02-02T13:46:28","slug":"biura","status":"publish","type":"page","link":"https:\/\/w-pokoiku.pl\/index.php\/strona-glowna\/projekty-wnetrza\/biura\/","title":{"rendered":"Biura"},"content":{"rendered":"\n<p><a href=\"https:\/\/w-pokoiku.pl\/index.php\/projekty-wnetrza\/\" data-type=\"page\" data-id=\"102\">Powr\u00f3t na do galerii<\/a><\/p>\n\n\n\n<p class=\"has-text-align-center\">Dwa biura, te same funkcje, te same obowi\u0105zki ale r\u00f3\u017cne temperamenty i r\u00f3\u017cne osobowo\u015bci. Pomieszczenia dostosowane indywidualnie. Takie podej\u015bcie maj\u0105 tylko firmy o wielkim szacunku dla swoich pracownik\u00f3w.<\/p>\n\n\n\n<figure class=\"wp-block-gallery has-nested-images columns-default is-cropped wp-block-gallery-1 is-layout-flex wp-block-gallery-is-layout-flex\">\n<figure class=\"wp-block-image size-large\"><a href=\"https:\/\/w-pokoiku.pl\/wp-content\/uploads\/2025\/05\/image-2.png\"><img loading=\"lazy\" decoding=\"async\" width=\"678\" height=\"901\" data-id=\"1564\" src=\"https:\/\/w-pokoiku.pl\/wp-content\/uploads\/2025\/05\/image-2.png\" alt=\"\" class=\"wp-image-1564\" srcset=\"https:\/\/w-pokoiku.pl\/wp-content\/uploads\/2025\/05\/image-2.png 678w, https:\/\/w-pokoiku.pl\/wp-content\/uploads\/2025\/05\/image-2-376x500.png 376w, https:\/\/w-pokoiku.pl\/wp-content\/uploads\/2025\/05\/image-2-226x300.png 226w, https:\/\/w-pokoiku.pl\/wp-content\/uploads\/2025\/05\/image-2-45x60.png 45w\" sizes=\"auto, (max-width: 678px) 100vw, 678px\" \/><\/a><\/figure>\n\n\n\n<figure class=\"wp-block-image size-large\"><a href=\"https:\/\/w-pokoiku.pl\/wp-content\/uploads\/2025\/05\/image-1.png\"><img loading=\"lazy\" decoding=\"async\" width=\"462\" height=\"617\" data-id=\"1563\" src=\"https:\/\/w-pokoiku.pl\/wp-content\/uploads\/2025\/05\/image-1.png\" alt=\"\" class=\"wp-image-1563\" srcset=\"https:\/\/w-pokoiku.pl\/wp-content\/uploads\/2025\/05\/image-1.png 462w, https:\/\/w-pokoiku.pl\/wp-content\/uploads\/2025\/05\/image-1-374x500.png 374w, https:\/\/w-pokoiku.pl\/wp-content\/uploads\/2025\/05\/image-1-225x300.png 225w, https:\/\/w-pokoiku.pl\/wp-content\/uploads\/2025\/05\/image-1-45x60.png 45w\" sizes=\"auto, (max-width: 462px) 100vw, 462px\" \/><\/a><\/figure>\n<\/figure>\n","protected":false},"excerpt":{"rendered":"<p>Powr\u00f3t na do galerii Dwa biura, te same funkcje, te same obowi\u0105zki ale r\u00f3\u017cne temperamenty i r\u00f3\u017cne osobowo\u015bci. Pomieszczenia dostosowane indywidualnie. Takie podej\u015bcie maj\u0105 tylko firmy o wielkim szacunku dla swoich pracownik\u00f3w.<\/p>\n","protected":false},"author":2,"featured_media":0,"parent":102,"menu_order":0,"comment_status":"closed","ping_status":"closed","template":"","meta":{"footnotes":""},"class_list":["post-1602","page","type-page","status-publish","hentry"],"_links":{"self":[{"href":"https:\/\/w-pokoiku.pl\/index.php\/wp-json\/wp\/v2\/pages\/1602","targetHints":{"allow":["GET"]}}],"collection":[{"href":"https:\/\/w-pokoiku.pl\/index.php\/wp-json\/wp\/v2\/pages"}],"about":[{"href":"https:\/\/w-pokoiku.pl\/index.php\/wp-json\/wp\/v2\/types\/page"}],"author":[{"embeddable":true,"href":"https:\/\/w-pokoiku.pl\/index.php\/wp-json\/wp\/v2\/users\/2"}],"replies":[{"embeddable":true,"href":"https:\/\/w-pokoiku.pl\/index.php\/wp-json\/wp\/v2\/comments?post=1602"}],"version-history":[{"count":3,"href":"https:\/\/w-pokoiku.pl\/index.php\/wp-json\/wp\/v2\/pages\/1602\/revisions"}],"predecessor-version":[{"id":1843,"href":"https:\/\/w-pokoiku.pl\/index.php\/wp-json\/wp\/v2\/pages\/1602\/revisions\/1843"}],"up":[{"embeddable":true,"href":"https:\/\/w-pokoiku.pl\/index.php\/wp-json\/wp\/v2\/pages\/102"}],"wp:attachment":[{"href":"https:\/\/w-pokoiku.pl\/index.php\/wp-json\/wp\/v2\/media?parent=1602"}],"curies":[{"name":"wp","href":"https:\/\/api.w.org\/{rel}","templated":true}]}}