{"id":3,"date":"2021-01-21T12:20:21","date_gmt":"2021-01-21T11:20:21","guid":{"rendered":"http:\/\/localhost\/WordPress\/?page_id=3"},"modified":"2021-12-27T11:55:29","modified_gmt":"2021-12-27T10:55:29","slug":"polityka-prywatnosci","status":"publish","type":"page","link":"https:\/\/w-pokoiku.pl\/index.php\/polityka-prywatnosci\/","title":{"rendered":"Polityka prywatno\u015bci"},"content":{"rendered":"\n<h2 class=\"wp-block-heading\"><kbd>ADMINISTRATOR DANYCH<\/kbd><\/h2>\n\n\n\n<p><br>Administratorem Twoich danych osobowych jest \u201e W POKOIKU\u201d Pracownia Projektowa Emilia \u0141\u0105tkowska (NIP: 744-168-09-15), 10-684 Olsztyn, ul Wa\u0144kowicza 20\/2 (dalej: my). Mo\u017cesz si\u0119 z nami skontaktowa\u0107 w nast\u0119puj\u0105cy spos\u00f3b:<\/p>\n\n\n\n<ul class=\"wp-block-list\"><li>przez e-mail: 79.emilia.latkowska@gmail.com<\/li><li>telefonicznie: (+48) 795 160 480<\/li><\/ul>\n\n\n\n<p>Cele przetwarzania i podstawa prawna przetwarzania Twoich danych osobowych. Je\u015bli skorzysta\u0142e\u015b z us\u0142ug \u015bwiadczonych za po\u015brednictwem strony www.w-pokoiku.pl, wprowadzone przez Ciebie dane b\u0119dziemy przetwarza\u0107 na potrzeby dalszego \u015bwiadczenia us\u0142ug drog\u0105 elektroniczn\u0105 za po\u015brednictwem naszego serwisu. B\u0119dziemy przetwarza\u0107 twoje dane wy\u0142\u0105cznie na potrzeby finalizacji transakcji w ramach podpisanej umowy. Je\u015bli zarejestrowa\u0142e\u015b konto w serwisie, doda\u0142e\u015b komentarz lub przes\u0142a\u0142e\u015b zdj\u0119cie, nie b\u0119dziemy przetwarza\u0107 Twoich danych w innym celu ni\u017c na potrzeby monitorowania potencjalnych narusze\u0144.<\/p>\n\n\n\n<h3 class=\"wp-block-heading\"><strong>OKRES PRZECHOWYWANIA TWOICH DANYCH OSOBOWYCH<\/strong><\/h3>\n\n\n\n<p>W zakresie, w jakim przetwarzamy twoje dane na podstawie Twojej zgody, b\u0119dziemy je przechowywa\u0107 do czasu wycofania przez Ciebie zgody na przetwarzanie danych osobowych. Ponadto b\u0119dziemy przechowywa\u0107 Twoje dane przez obowi\u0105zkowy okres wynikaj\u0105cy z przepis\u00f3w prawa podatkowego i rachunkowego, w szczeg\u00f3lno\u015bci obowi\u0105zku przechowywania dowod\u00f3w ksi\u0119gowych i dokumentacji podatkowej.<\/p>\n\n\n\n<h3 class=\"wp-block-heading\"><strong>ODBIORCY TWOICH DANYCH OSOBOWYCH<\/strong><\/h3>\n\n\n\n<p>Nie b\u0119dziemy przekazywa\u0107 Twoich danych osobowych \u017cadnym podmiotom zewn\u0119trznym, je\u015bli nie b\u0119dzie to bezpo\u015brednio wynika\u0107 z twojej woli lub wyra\u017anego polecenia organ\u00f3w do tego uprawnionych. B\u0119dziemy przetwarza\u0107 je wewn\u0119trznie przy zachowaniu nale\u017cytych standard\u00f3w bezpiecze\u0144stwa.<\/p>\n\n\n\n<h3 class=\"wp-block-heading\"><strong>TWOJE PRAWA W ZWI\u0104ZKU Z PRZETWARZANIEM DANYCH OSOBOWYCH<\/strong><\/h3>\n\n\n\n<p>Przys\u0142uguj\u0105 Ci nast\u0119puj\u0105ce prawa zwi\u0105zane z przetwarzaniem danych osobowych:<\/p>\n\n\n\n<ul class=\"wp-block-list\"><li>prawo do wycofania zgody,<\/li><li>prawo dost\u0119pu do Twoich danych osobowych,<\/li><li>prawo \u017c\u0105dania sprostowania Twoich danych osobowych,<\/li><li>prawo \u017c\u0105dania usuni\u0119cia Twoich danych osobowych,<\/li><li>prawo \u017c\u0105dania ograniczenia przetwarzania Twoich danych osobowych,<\/li><\/ul>\n\n\n\n<p>Aby skorzysta\u0107 z powy\u017cszych praw, skontaktuj si\u0119 z nami za po\u015brednictwem poczty elektronicznej 79.emilia.latkowska@gmail.com<\/p>\n\n\n\n<h3 class=\"wp-block-heading\"><strong>PRAWO WYCOFANIA ZGODY<\/strong><\/h3>\n\n\n\n<p>O ile wyrazisz na to zgod\u0119, a w serwisie w-pokoiku.pl pojawi si\u0119 taka opcja, twoje dane osobowe b\u0119d\u0105 przetwarzane do cel\u00f3w marketingowych. W zwi\u0105zku z tym masz prawo wycofania zgody na przetwarzanie danych w dowolnym momencie. Wycofanie zgody nie ma wp\u0142ywu na zgodno\u015b\u0107 z prawem przetwarzania, kt\u00f3rego dokonano na podstawie Twojej zgody przed jej wycofaniem. Zgod\u0119 na przetwarzanie Twoich danych osobowych wyra\u017casz wy\u0142\u0105cznie na rzecz Pracowni Projektowej, operatora strony www.w-pokoiku.pl. Zgod\u0119 mo\u017cesz wycofa\u0107 poprzez z\u0142o\u017cenie pisemnego o\u015bwiadczenia o wycofaniu zgody na adres poczty elektronicznej 79.emilia.latkowska@gmail.com<\/p>\n\n\n\n<h3 class=\"wp-block-heading\"><strong>PRAWO WNIESIENIA SKARGI DO ORGANU<\/strong><\/h3>\n\n\n\n<p>Przys\u0142uguje Ci tak\u017ce prawo wniesienia skargi do organu nadzorczego zajmuj\u0105cego si\u0119 ochron\u0105 danych osobowych, tj. Prezesa Urz\u0119du Ochrony Danych Osobowych.<\/p>\n\n\n\n<h3 class=\"wp-block-heading\">Ciasteczka<\/h3>\n\n\n\n<p>Je\u015bli zostawisz na naszej witrynie komentarz, b\u0119dziesz m\u00f3g\u0142 wybra\u0107 opcj\u0119 zapisu twojej nazwy, adresu email i adresu strony internetowej w ciasteczkach, dzi\u0119ki kt\u00f3rym podczas pisania kolejnych komentarzy powy\u017csze informacje b\u0119d\u0105 ju\u017c dogodnie uzupe\u0142nione. Te ciasteczka wygasaj\u0105 po roku.<\/p>\n\n\n\n<p>Je\u015bli odwiedzisz stron\u0119 logowania, utworzymy tymczasowe ciasteczko na potrzeby sprawdzenia czy twoja przegl\u0105darka akceptuje ciasteczka. To ciasteczko nie zawiera \u017cadnych danych osobistych i zostanie wyrzucone, kiedy zamkniesz przegl\u0105dark\u0119.<\/p>\n\n\n\n<p>Podczas logowania tworzymy dodatkowo kilka ciasteczek potrzebnych do zapisu twoich informacji logowania oraz wybranych opcji ekranu. Ciasteczka logowania wygasaj\u0105 po dw\u00f3ch dniach, a opcji ekranu po roku. Je\u015bli zaznaczysz opcj\u0119 \u201ePami\u0119taj mnie\u201d, logowanie wyga\u015bnie po dw\u00f3ch tygodniach. Je\u015bli wylogujesz si\u0119 ze swojego konta, ciasteczka logowania zostan\u0105 usuni\u0119te.<\/p>\n\n\n\n<p>Je\u015bli zmodyfikujesz albo opublikujesz artyku\u0142, w twojej przegl\u0105darce zostanie zapisane dodatkowe ciasteczko. To ciasteczko nie zawiera \u017cadnych danych osobistych, wskazuj\u0105c po prostu na identyfikator przed chwil\u0105 edytowanego artyku\u0142u. Wygasa ono po 1 dniu.<\/p>\n\n\n\n<p>Artyku\u0142y na tej witrynie mog\u0105 zawiera\u0107 osadzone tre\u015bci (np. filmy, obrazki, artyku\u0142y itp.). Osadzone tre\u015bci z innych witryn zachowuj\u0105 si\u0119 analogicznie do tego, jakby u\u017cytkownik odwiedzi\u0142 bezpo\u015brednio konkretn\u0105 witryn\u0119.<\/p>\n\n\n\n<p>Witryny mog\u0105 zbiera\u0107 informacje o tobie, u\u017cywa\u0107 ciasteczek, do\u0142\u0105cza\u0107 dodatkowe, zewn\u0119trzne systemy \u015bledzenia i monitorowa\u0107 twoje interakcje z osadzonym materia\u0142em, w\u0142\u0105czaj\u0105c w to \u015bledzenie twoich interakcji z osadzonym materia\u0142em je\u015bli posiadasz konto i jeste\u015b zalogowany w tamtej witrynie.<\/p>\n\n\n\n<p>Je\u015bli zostawisz komentarz, jego tre\u015b\u0107 i metadane b\u0119d\u0105 przechowywane przez czas nieokre\u015blony. Dzi\u0119ki temu jeste\u015bmy w stanie rozpoznawa\u0107 i zatwierdza\u0107 kolejne komentarze automatycznie, bez wysy\u0142ania ich do ka\u017cdorazowej moderacji.<\/p>\n\n\n\n<p>Dla u\u017cytkownik\u00f3w kt\u00f3rzy zarejestrowali si\u0119 na naszej stronie internetowej (je\u015bli tacy s\u0105), przechowujemy r\u00f3wnie\u017c informacje osobiste wprowadzone w profilu. Ka\u017cdy u\u017cytkownik mo\u017ce dokona\u0107 wgl\u0105du, korekty albo skasowa\u0107 swoje informacje osobiste w dowolnej chwili (nie licz\u0105c nazwy u\u017cytkownika, kt\u00f3rej nie mo\u017cna zmieni\u0107). Administratorzy strony r\u00f3wnie\u017c mog\u0105 przegl\u0105da\u0107 i modyfikowa\u0107 te informacje.<\/p>\n\n\n\n<p>Komentarze go\u015bci mog\u0105 by\u0107 sprawdzane za pomoc\u0105 automatycznej us\u0142ugi wykrywania spamu.<\/p>\n","protected":false},"excerpt":{"rendered":"<p>ADMINISTRATOR DANYCH Administratorem Twoich danych osobowych jest \u201e W POKOIKU\u201d Pracownia Projektowa Emilia \u0141\u0105tkowska (NIP: 744-168-09-15), 10-684 Olsztyn, ul Wa\u0144kowicza 20\/2 (dalej: my). Mo\u017cesz si\u0119 z nami skontaktowa\u0107 w nast\u0119puj\u0105cy spos\u00f3b: przez e-mail: 79.emilia.latkowska@gmail.com telefonicznie: (+48) 795 160 480 Cele przetwarzania i podstawa prawna przetwarzania Twoich danych osobowych. Je\u015bli skorzysta\u0142e\u015b z us\u0142ug \u015bwiadczonych za po\u015brednictwem &hellip; <\/p>\n","protected":false},"author":1,"featured_media":0,"parent":0,"menu_order":0,"comment_status":"closed","ping_status":"open","template":"","meta":{"footnotes":""},"class_list":["post-3","page","type-page","status-publish","hentry"],"_links":{"self":[{"href":"https:\/\/w-pokoiku.pl\/index.php\/wp-json\/wp\/v2\/pages\/3","targetHints":{"allow":["GET"]}}],"collection":[{"href":"https:\/\/w-pokoiku.pl\/index.php\/wp-json\/wp\/v2\/pages"}],"about":[{"href":"https:\/\/w-pokoiku.pl\/index.php\/wp-json\/wp\/v2\/types\/page"}],"author":[{"embeddable":true,"href":"https:\/\/w-pokoiku.pl\/index.php\/wp-json\/wp\/v2\/users\/1"}],"replies":[{"embeddable":true,"href":"https:\/\/w-pokoiku.pl\/index.php\/wp-json\/wp\/v2\/comments?post=3"}],"version-history":[{"count":2,"href":"https:\/\/w-pokoiku.pl\/index.php\/wp-json\/wp\/v2\/pages\/3\/revisions"}],"predecessor-version":[{"id":660,"href":"https:\/\/w-pokoiku.pl\/index.php\/wp-json\/wp\/v2\/pages\/3\/revisions\/660"}],"wp:attachment":[{"href":"https:\/\/w-pokoiku.pl\/index.php\/wp-json\/wp\/v2\/media?parent=3"}],"curies":[{"name":"wp","href":"https:\/\/api.w.org\/{rel}","templated":true}]}}