{"id":421,"date":"2021-03-17T19:54:03","date_gmt":"2021-03-17T18:54:03","guid":{"rendered":"http:\/\/w-pokoiku.pl\/?page_id=421"},"modified":"2026-02-03T12:29:47","modified_gmt":"2026-02-03T11:29:47","slug":"projekt-inwestycyjny","status":"publish","type":"page","link":"https:\/\/w-pokoiku.pl\/index.php\/projekt-inwestycyjny\/","title":{"rendered":"PROJEKTY INWESTYCYJNE"},"content":{"rendered":"\n<p><\/p>\n\n\n\n<p><strong>Projekt inwestycyjny<\/strong> w nieruchomo\u015bciach to w uproszczeniu biznes plan Twoich pieni\u0119dzy. Bez niego kupno i remont mieszkania pod wynajem czy sprzeda\u017c to nie inwestycja, a kosztowny hazard.<\/p>\n\n\n\n<p class=\"has-text-align-center\"><strong>Solidny projekt to fundament sukcesu.<\/strong> <\/p>\n\n\n\n<p class=\"has-text-align-center\">Inwestycje w nieruchomo\u015bci s\u0105 kapita\u0142och\u0142onne, wa\u017cne \u017ceby by\u0142y przemy\u015blane i realne do zrealizowania.<\/p>\n\n\n\n<p>&gt;&gt; <strong>Minimalizacja ryzyka<\/strong>. Projekt pozwala zidentyfikowa\u0107 zagro\u017cenia zanim wydasz pierwszy grosz &nbsp;\/np. wykry\u0107 przeszkody konstrukcyjne czy techniczne\/  <\/p>\n\n\n\n<p>&gt;&gt; <strong>Optymalizacja zysk\u00f3w<\/strong>. Dobry projekt odpowiada na pytanie: \u201eJak wydoby\u0107 z tej powierzchni najwi\u0119cej?\u201d<\/p>\n\n\n\n<p>&gt;&gt; <strong>Finansowanie i wiarygodno\u015b\u0107<\/strong>. Profesjonalny projekt jest niezb\u0119dny przy otrzymaniu po\u017cyczki. Banki nie po\u017cyczaj\u0105 pieni\u0119dzy na &#8222;dobry pomys\u0142&#8221;<\/p>\n\n\n\n<p>&gt;&gt; <strong>Harmonogram i zarz\u0105dzanie czasem<\/strong>. \u201eCzas to pieni\u0105dz\u201d, projekt wyznacza etapy budowy, przygotowania i sprzeda\u017cy.<\/p>\n\n\n\n<p class=\"has-text-align-center\"><strong>Maj\u0105c dobry projekt:<\/strong><\/p>\n\n\n\n<div class=\"wp-block-group is-vertical is-layout-flex wp-container-core-group-is-layout-8cf370e7 wp-block-group-is-layout-flex\">\n<p>&gt; &nbsp;<strong>skracasz czas \u201ez\u017cerania zysku\u201d<\/strong> &#8211; \/czynsz, pr\u0105d, odsetki od kredyty\/<\/p>\n\n\n\n<p>&gt;&gt; &nbsp;<strong>buduje warto\u015b\u0107 dodan\u0105<\/strong> &#8211; \/wyko\u0144czona \u0142azienka, gotowa kuchnia\/<\/p>\n\n\n\n<p>&gt;&gt;&gt; <strong>przyspieszasz sprzeda\u017c i podbijasz cen\u0119<\/strong> &#8211; \/meble, dekoracje, profesjonalna sesja zdj\u0119ciowa \/<\/p>\n<\/div>\n\n\n<div class=\"wp-block-image\">\n<figure class=\"aligncenter size-full is-resized\"><img loading=\"lazy\" decoding=\"async\" width=\"297\" height=\"210\" src=\"https:\/\/w-pokoiku.pl\/wp-content\/uploads\/2026\/02\/HOME-STAGGING-297x210-1.png\" alt=\"\" class=\"wp-image-1854\" style=\"width:243px;height:auto\" srcset=\"https:\/\/w-pokoiku.pl\/wp-content\/uploads\/2026\/02\/HOME-STAGGING-297x210-1.png 297w, https:\/\/w-pokoiku.pl\/wp-content\/uploads\/2026\/02\/HOME-STAGGING-297x210-1-85x60.png 85w\" sizes=\"auto, (max-width: 297px) 100vw, 297px\" \/><\/figure>\n<\/div>\n\n\n<p class=\"has-text-align-center\"><strong>Projekt inwestycyjny<\/strong> mieszkania to &nbsp;<strong>gotowe narz\u0119dzie<\/strong> do prac remontowych<\/p>\n\n\n\n<p>W projektach inwestycyjnych z rynku wt\u00f3rnego kluczem jest uk\u0142ad funkcjonalny. Czasami wyburzenie jednej \u015bciany dzia\u0142owej i przeniesienie kuchni do salonu tworz\u0105c aneks kuchenny zmienia mieszkanie z ciasnego dwupokojowego mieszkania w nowoczesny apartament, co zdecydowanie zwi\u0119ksza kr\u0105g kupuj\u0105cych.<\/p>\n\n\n\n<p class=\"has-text-align-center\"><\/p>\n\n\n\n<div class=\"wp-block-group is-vertical is-layout-flex wp-container-core-group-is-layout-8cf370e7 wp-block-group-is-layout-flex\">\n<p><strong>Czy wiesz, \u017ce:<\/strong><\/p>\n\n\n\n<ul class=\"wp-block-list\">\n<li>projekt mieszkania pod inwestycje jest znacznie ta\u0144szy od projektu indywidualnego,<\/li>\n\n\n\n<li>czas realizacji projektu inwestycyjnego jest znacznie kr\u00f3tszy od czasu realizacji projektu indywidualnego,<\/li>\n\n\n\n<li>dobrze wykonany projekt mieszkania znacznie przyspiesza proces inwestycyjny.<\/li>\n<\/ul>\n<\/div>\n\n\n\n<p class=\"has-text-align-center\"><strong>Czas to pieni\u0105dz!<\/strong><\/p>\n\n\n<div class=\"wp-block-image\">\n<figure class=\"aligncenter size-full is-resized\"><img loading=\"lazy\" decoding=\"async\" width=\"297\" height=\"210\" src=\"https:\/\/w-pokoiku.pl\/wp-content\/uploads\/2026\/02\/zegar.png\" alt=\"\" class=\"wp-image-1855\" style=\"aspect-ratio:1.414425218434127;width:256px;height:auto\" srcset=\"https:\/\/w-pokoiku.pl\/wp-content\/uploads\/2026\/02\/zegar.png 297w, https:\/\/w-pokoiku.pl\/wp-content\/uploads\/2026\/02\/zegar-85x60.png 85w\" sizes=\"auto, (max-width: 297px) 100vw, 297px\" \/><\/figure>\n<\/div>\n\n\n<p class=\"has-text-align-center\"><em>Im szybciej ogarniesz remont tym szybciej wystawisz mieszkanie na sprzeda\u017c i kr\u00f3cej b\u0119dziesz ponosi\u0142 koszty utrzymania nieruchomo\u015bci.<\/em><\/p>\n\n\n\n<p><\/p>\n\n\n\n<div class=\"wp-block-group is-vertical is-layout-flex wp-container-core-group-is-layout-8cf370e7 wp-block-group-is-layout-flex\">\n<p>&gt;&gt; Inwestujesz w nieruchomo\u015bci ? Chcesz przyspieszy\u0107 i zwi\u0119kszy\u0107 rentowno\u015b\u0107 swoich inwestycji?<\/p>\n\n\n\n<p>&gt;&gt; Chcia\u0142by\u015b spr\u00f3bowa\u0107 swoich si\u0142 w inwestowaniu w nieruchomo\u015bci? Znalaz\u0142e\u015b pere\u0142k\u0119 inwestycyjn\u0105 ale nie wiesz jak sobie z ni\u0105 poradzi\u0107 ?<\/p>\n\n\n\n<p>&gt;&gt; Jeste\u015b po\u015brednikiem nieruchomo\u015bci i trafi\u0142 Ci si\u0119 klient, kt\u00f3ry chcia\u0142by wycisn\u0105\u0107 jak najwi\u0119cej ze swojego mieszkania, jest got\u00f3w na doinwestowanie?<\/p>\n<\/div>\n\n\n\n<p class=\"has-text-align-center\"><em>Je\u015bli odpowiedzia\u0142e\u015b TAK na jedno z powy\u017cszych pyta\u0144, to czas na kontakt ze mn\u0105.<\/em><\/p>\n\n\n<div class=\"wp-block-image\">\n<figure class=\"aligncenter size-large is-resized\"><img loading=\"lazy\" decoding=\"async\" width=\"1024\" height=\"753\" src=\"https:\/\/w-pokoiku.pl\/wp-content\/uploads\/2026\/01\/IMG-20251230-WA00252-1024x753.jpg\" alt=\"projektowanie wn\u0119trz\" class=\"wp-image-1766\" style=\"aspect-ratio:1.3599109582110696;width:487px;height:auto\" srcset=\"https:\/\/w-pokoiku.pl\/wp-content\/uploads\/2026\/01\/IMG-20251230-WA00252-1024x753.jpg 1024w, https:\/\/w-pokoiku.pl\/wp-content\/uploads\/2026\/01\/IMG-20251230-WA00252-500x368.jpg 500w, https:\/\/w-pokoiku.pl\/wp-content\/uploads\/2026\/01\/IMG-20251230-WA00252-300x221.jpg 300w, https:\/\/w-pokoiku.pl\/wp-content\/uploads\/2026\/01\/IMG-20251230-WA00252-768x564.jpg 768w, https:\/\/w-pokoiku.pl\/wp-content\/uploads\/2026\/01\/IMG-20251230-WA00252-82x60.jpg 82w, https:\/\/w-pokoiku.pl\/wp-content\/uploads\/2026\/01\/IMG-20251230-WA00252.jpg 1200w\" sizes=\"auto, (max-width: 1024px) 100vw, 1024px\" \/><\/figure>\n<\/div>\n\n\n<div class=\"wp-block-group is-vertical is-content-justification-center is-layout-flex wp-container-core-group-is-layout-48c2c4f0 wp-block-group-is-layout-flex\">\n<p class=\"has-text-align-left\">Nazywam si\u0119 Emilia \u0141\u0105tkowska,  projektuj\u0119 wn\u0119trza inwestycyjne, kt\u00f3re:<\/p>\n\n\n\n<ul class=\"wp-block-list\">\n<li>przyci\u0105gaj\u0105 klient\u00f3w, <\/li>\n\n\n\n<li>generuj\u0105 zysk <\/li>\n\n\n\n<li>buduj\u0105 przewag\u0119 na rynku.<\/li>\n<\/ul>\n<\/div>\n\n\n\n<div class=\"wp-block-group is-vertical is-layout-flex wp-container-core-group-is-layout-76a81b31 wp-block-group-is-layout-flex\">\n<p>\ud83d\udce7 wpokoiku.pp@gmail.com<\/p>\n\n\n\n<p>\u260e\ufe0f 795 160 480<\/p>\n<\/div>\n\n\n\n<p>Projektuj\u0119 wn\u0119trza inwestycyjne, sprawnie, w ograniczonym bud\u017cecie i pod okre\u015blon\u0105 grup\u0119 docelow\u0105. Pomog\u0119 wydoby\u0107 z inwestycji 100% jej potencja\u0142u i zamieni\u0119 tw\u00f3j pomys\u0142 w realn\u0105, precyzyjna maszyn\u0119 do generowania zysku.<\/p>\n\n\n\n<p>Oferta dla projekt\u00f3w inwestycyjnych:<\/p>\n\n\n\n<p>Kawalerka do 36m2   &#8211; od 3300,0z\u0142 + VAT<\/p>\n\n\n\n<p>Mieszkanie do 50m2 &#8211; od 4400,0z\u0142 + VAT<\/p>\n\n\n\n<p>Mieszkanie do 70m2 &#8211; od 5500,0z\u0142 + VAT<\/p>\n\n\n\n<p><\/p>\n\n\n\n<p class=\"has-text-align-center\">Dwa niezale\u017cne pokoje 2-osobowe z \u0142azienkami na wynajem kr\u00f3tkoterminowy zmieni\u0142am w apartament dla 2-4 os\u00f3b, r\u00f3wnie\u017c na wynajem kr\u00f3tkoterminowy. <\/p>\n\n\n\n<p class=\"has-text-align-center\"><a href=\"https:\/\/w-pokoiku.pl\/index.php\/galeria-projekty\/wynajem\/\">Sprawd\u017a jak wysz\u0142o \ud83d\ude42<\/a><\/p>\n\n\n<div class=\"wp-block-image\">\n<figure class=\"aligncenter size-large is-resized\"><a href=\"https:\/\/w-pokoiku.pl\/index.php\/galeria-projekty\/wynajem\/\"><img loading=\"lazy\" decoding=\"async\" width=\"1024\" height=\"768\" src=\"https:\/\/w-pokoiku.pl\/wp-content\/uploads\/2026\/02\/SALON-1024x768.jpg\" alt=\"\" class=\"wp-image-1823\" style=\"width:554px;height:auto\" srcset=\"https:\/\/w-pokoiku.pl\/wp-content\/uploads\/2026\/02\/SALON-1024x768.jpg 1024w, https:\/\/w-pokoiku.pl\/wp-content\/uploads\/2026\/02\/SALON-500x375.jpg 500w, https:\/\/w-pokoiku.pl\/wp-content\/uploads\/2026\/02\/SALON-300x225.jpg 300w, https:\/\/w-pokoiku.pl\/wp-content\/uploads\/2026\/02\/SALON-768x576.jpg 768w, https:\/\/w-pokoiku.pl\/wp-content\/uploads\/2026\/02\/SALON-1536x1152.jpg 1536w, https:\/\/w-pokoiku.pl\/wp-content\/uploads\/2026\/02\/SALON-80x60.jpg 80w, https:\/\/w-pokoiku.pl\/wp-content\/uploads\/2026\/02\/SALON.jpg 1600w\" sizes=\"auto, (max-width: 1024px) 100vw, 1024px\" \/><\/a><\/figure>\n<\/div>\n\n\n<p class=\"has-text-align-center\">Zapraszam do kontaktu. Razem zmienimy Twoj\u0105 nieruchomo\u015b\u0107 w pe\u0142en potencja\u0142 zysku, kt\u00f3rego inni nie dostrzegaj\u0105.<\/p>\n\n\n\n<p><\/p>\n","protected":false},"excerpt":{"rendered":"<p>Projekt inwestycyjny w nieruchomo\u015bciach to w uproszczeniu biznes plan Twoich pieni\u0119dzy. Bez niego kupno i remont mieszkania pod wynajem czy sprzeda\u017c to nie inwestycja, a kosztowny hazard. Solidny projekt to fundament sukcesu. Inwestycje w nieruchomo\u015bci s\u0105 kapita\u0142och\u0142onne, wa\u017cne \u017ceby by\u0142y przemy\u015blane i realne do zrealizowania. &gt;&gt; Minimalizacja ryzyka. Projekt pozwala zidentyfikowa\u0107 zagro\u017cenia zanim wydasz pierwszy &hellip; <\/p>\n","protected":false},"author":2,"featured_media":1875,"parent":0,"menu_order":0,"comment_status":"closed","ping_status":"closed","template":"","meta":{"footnotes":""},"class_list":["post-421","page","type-page","status-publish","has-post-thumbnail","hentry"],"_links":{"self":[{"href":"https:\/\/w-pokoiku.pl\/index.php\/wp-json\/wp\/v2\/pages\/421","targetHints":{"allow":["GET"]}}],"collection":[{"href":"https:\/\/w-pokoiku.pl\/index.php\/wp-json\/wp\/v2\/pages"}],"about":[{"href":"https:\/\/w-pokoiku.pl\/index.php\/wp-json\/wp\/v2\/types\/page"}],"author":[{"embeddable":true,"href":"https:\/\/w-pokoiku.pl\/index.php\/wp-json\/wp\/v2\/users\/2"}],"replies":[{"embeddable":true,"href":"https:\/\/w-pokoiku.pl\/index.php\/wp-json\/wp\/v2\/comments?post=421"}],"version-history":[{"count":41,"href":"https:\/\/w-pokoiku.pl\/index.php\/wp-json\/wp\/v2\/pages\/421\/revisions"}],"predecessor-version":[{"id":1896,"href":"https:\/\/w-pokoiku.pl\/index.php\/wp-json\/wp\/v2\/pages\/421\/revisions\/1896"}],"wp:featuredmedia":[{"embeddable":true,"href":"https:\/\/w-pokoiku.pl\/index.php\/wp-json\/wp\/v2\/media\/1875"}],"wp:attachment":[{"href":"https:\/\/w-pokoiku.pl\/index.php\/wp-json\/wp\/v2\/media?parent=421"}],"curies":[{"name":"wp","href":"https:\/\/api.w.org\/{rel}","templated":true}]}}