{"id":430,"date":"2021-03-17T20:04:09","date_gmt":"2021-03-17T19:04:09","guid":{"rendered":"http:\/\/w-pokoiku.pl\/?page_id=430"},"modified":"2026-02-02T15:33:24","modified_gmt":"2026-02-02T14:33:24","slug":"wynajem","status":"publish","type":"page","link":"https:\/\/w-pokoiku.pl\/index.php\/projekt-inwestycyjny\/wynajem\/","title":{"rendered":"Apartament na wynajem kr\u00f3tkoterminowy"},"content":{"rendered":"\n<p><a href=\"https:\/\/w-pokoiku.pl\/index.php\/strona-glowna\/projekty-wnetrza\/\" data-type=\"page\" data-id=\"421\">Powr\u00f3t do galerii<\/a> <\/p>\n\n\n\n<p><a href=\"https:\/\/w-pokoiku.pl\/index.php\/projekt-inwestycyjny\/\">Powr\u00f3t do Projekt Inwestycyjny<\/a><\/p>\n\n\n\n<p class=\"has-text-align-center\">Dwa pokoje z \u0142azienkami o \u015brednim standardzie, przeznaczone na wynajem kr\u00f3tkoterminowy zmieni\u0142am w apartament dla 2-4 os\u00f3b, r\u00f3wnie\u017c z przeznaczeniem na wynajem kr\u00f3tkoterminowy. Apartament zyska\u0142 aneks kuchenny, salon, sypialni\u0119 z du\u017cym wygodnym \u0142\u00f3\u017ckiem i wygodn\u0105 \u0142azienk\u0119. <\/p>\n\n\n\n<figure class=\"wp-block-gallery has-nested-images columns-2 is-cropped wp-block-gallery-1 is-layout-flex wp-block-gallery-is-layout-flex\">\n<figure class=\"wp-block-image size-large\"><a href=\"https:\/\/w-pokoiku.pl\/wp-content\/uploads\/2026\/02\/inwentaryzacja.png\"><img loading=\"lazy\" decoding=\"async\" width=\"819\" height=\"1024\" data-id=\"1817\" src=\"https:\/\/w-pokoiku.pl\/wp-content\/uploads\/2026\/02\/inwentaryzacja-819x1024.png\" alt=\"\" class=\"wp-image-1817\" srcset=\"https:\/\/w-pokoiku.pl\/wp-content\/uploads\/2026\/02\/inwentaryzacja-819x1024.png 819w, https:\/\/w-pokoiku.pl\/wp-content\/uploads\/2026\/02\/inwentaryzacja-400x500.png 400w, https:\/\/w-pokoiku.pl\/wp-content\/uploads\/2026\/02\/inwentaryzacja-240x300.png 240w, https:\/\/w-pokoiku.pl\/wp-content\/uploads\/2026\/02\/inwentaryzacja-768x960.png 768w, https:\/\/w-pokoiku.pl\/wp-content\/uploads\/2026\/02\/inwentaryzacja-48x60.png 48w, https:\/\/w-pokoiku.pl\/wp-content\/uploads\/2026\/02\/inwentaryzacja.png 1080w\" sizes=\"auto, (max-width: 819px) 100vw, 819px\" \/><\/a><figcaption class=\"wp-element-caption\">inwentaryzacja<\/figcaption><\/figure>\n\n\n\n<figure class=\"wp-block-image size-large\"><a href=\"https:\/\/w-pokoiku.pl\/wp-content\/uploads\/2026\/02\/uklad-funkcjonalny.png\"><img loading=\"lazy\" decoding=\"async\" width=\"819\" height=\"1024\" data-id=\"1829\" src=\"https:\/\/w-pokoiku.pl\/wp-content\/uploads\/2026\/02\/uklad-funkcjonalny-819x1024.png\" alt=\"\" class=\"wp-image-1829\" srcset=\"https:\/\/w-pokoiku.pl\/wp-content\/uploads\/2026\/02\/uklad-funkcjonalny-819x1024.png 819w, https:\/\/w-pokoiku.pl\/wp-content\/uploads\/2026\/02\/uklad-funkcjonalny-400x500.png 400w, https:\/\/w-pokoiku.pl\/wp-content\/uploads\/2026\/02\/uklad-funkcjonalny-240x300.png 240w, https:\/\/w-pokoiku.pl\/wp-content\/uploads\/2026\/02\/uklad-funkcjonalny-768x960.png 768w, https:\/\/w-pokoiku.pl\/wp-content\/uploads\/2026\/02\/uklad-funkcjonalny-48x60.png 48w, https:\/\/w-pokoiku.pl\/wp-content\/uploads\/2026\/02\/uklad-funkcjonalny.png 1080w\" sizes=\"auto, (max-width: 819px) 100vw, 819px\" \/><\/a><figcaption class=\"wp-element-caption\">uk\u0142ad funkcjonalny<\/figcaption><\/figure>\n\n\n\n<figure class=\"wp-block-image size-large\"><a href=\"https:\/\/w-pokoiku.pl\/wp-content\/uploads\/2026\/02\/SALON-.jpg\"><img loading=\"lazy\" decoding=\"async\" width=\"1024\" height=\"768\" data-id=\"1824\" src=\"https:\/\/w-pokoiku.pl\/wp-content\/uploads\/2026\/02\/SALON--1024x768.jpg\" alt=\"\" class=\"wp-image-1824\" srcset=\"https:\/\/w-pokoiku.pl\/wp-content\/uploads\/2026\/02\/SALON--1024x768.jpg 1024w, https:\/\/w-pokoiku.pl\/wp-content\/uploads\/2026\/02\/SALON--500x375.jpg 500w, https:\/\/w-pokoiku.pl\/wp-content\/uploads\/2026\/02\/SALON--300x225.jpg 300w, https:\/\/w-pokoiku.pl\/wp-content\/uploads\/2026\/02\/SALON--768x576.jpg 768w, https:\/\/w-pokoiku.pl\/wp-content\/uploads\/2026\/02\/SALON--1536x1152.jpg 1536w, https:\/\/w-pokoiku.pl\/wp-content\/uploads\/2026\/02\/SALON--80x60.jpg 80w, https:\/\/w-pokoiku.pl\/wp-content\/uploads\/2026\/02\/SALON-.jpg 1600w\" sizes=\"auto, (max-width: 1024px) 100vw, 1024px\" \/><\/a><figcaption class=\"wp-element-caption\">salon<\/figcaption><\/figure>\n\n\n\n<figure class=\"wp-block-image size-large\"><a href=\"https:\/\/w-pokoiku.pl\/wp-content\/uploads\/2026\/02\/SALON_.jpg\"><img loading=\"lazy\" decoding=\"async\" width=\"1024\" height=\"768\" data-id=\"1825\" src=\"https:\/\/w-pokoiku.pl\/wp-content\/uploads\/2026\/02\/SALON_-1024x768.jpg\" alt=\"\" class=\"wp-image-1825\" srcset=\"https:\/\/w-pokoiku.pl\/wp-content\/uploads\/2026\/02\/SALON_-1024x768.jpg 1024w, https:\/\/w-pokoiku.pl\/wp-content\/uploads\/2026\/02\/SALON_-500x375.jpg 500w, https:\/\/w-pokoiku.pl\/wp-content\/uploads\/2026\/02\/SALON_-300x225.jpg 300w, https:\/\/w-pokoiku.pl\/wp-content\/uploads\/2026\/02\/SALON_-768x576.jpg 768w, https:\/\/w-pokoiku.pl\/wp-content\/uploads\/2026\/02\/SALON_-1536x1152.jpg 1536w, https:\/\/w-pokoiku.pl\/wp-content\/uploads\/2026\/02\/SALON_-80x60.jpg 80w, https:\/\/w-pokoiku.pl\/wp-content\/uploads\/2026\/02\/SALON_.jpg 1600w\" sizes=\"auto, (max-width: 1024px) 100vw, 1024px\" \/><\/a><figcaption class=\"wp-element-caption\">salon<\/figcaption><\/figure>\n\n\n\n<figure class=\"wp-block-image size-large\"><a href=\"https:\/\/w-pokoiku.pl\/wp-content\/uploads\/2026\/02\/SALON.jpg\"><img loading=\"lazy\" decoding=\"async\" width=\"1024\" height=\"768\" data-id=\"1823\" src=\"https:\/\/w-pokoiku.pl\/wp-content\/uploads\/2026\/02\/SALON-1024x768.jpg\" alt=\"\" class=\"wp-image-1823\" srcset=\"https:\/\/w-pokoiku.pl\/wp-content\/uploads\/2026\/02\/SALON-1024x768.jpg 1024w, https:\/\/w-pokoiku.pl\/wp-content\/uploads\/2026\/02\/SALON-500x375.jpg 500w, https:\/\/w-pokoiku.pl\/wp-content\/uploads\/2026\/02\/SALON-300x225.jpg 300w, https:\/\/w-pokoiku.pl\/wp-content\/uploads\/2026\/02\/SALON-768x576.jpg 768w, https:\/\/w-pokoiku.pl\/wp-content\/uploads\/2026\/02\/SALON-1536x1152.jpg 1536w, https:\/\/w-pokoiku.pl\/wp-content\/uploads\/2026\/02\/SALON-80x60.jpg 80w, https:\/\/w-pokoiku.pl\/wp-content\/uploads\/2026\/02\/SALON.jpg 1600w\" sizes=\"auto, (max-width: 1024px) 100vw, 1024px\" \/><\/a><figcaption class=\"wp-element-caption\">salon<\/figcaption><\/figure>\n\n\n\n<figure class=\"wp-block-image size-large\"><a href=\"https:\/\/w-pokoiku.pl\/wp-content\/uploads\/2026\/02\/SALON-Z-KUCHNIA.jpg\"><img loading=\"lazy\" decoding=\"async\" width=\"1024\" height=\"768\" data-id=\"1822\" src=\"https:\/\/w-pokoiku.pl\/wp-content\/uploads\/2026\/02\/SALON-Z-KUCHNIA-1024x768.jpg\" alt=\"\" class=\"wp-image-1822\" srcset=\"https:\/\/w-pokoiku.pl\/wp-content\/uploads\/2026\/02\/SALON-Z-KUCHNIA-1024x768.jpg 1024w, https:\/\/w-pokoiku.pl\/wp-content\/uploads\/2026\/02\/SALON-Z-KUCHNIA-500x375.jpg 500w, https:\/\/w-pokoiku.pl\/wp-content\/uploads\/2026\/02\/SALON-Z-KUCHNIA-300x225.jpg 300w, https:\/\/w-pokoiku.pl\/wp-content\/uploads\/2026\/02\/SALON-Z-KUCHNIA-768x576.jpg 768w, https:\/\/w-pokoiku.pl\/wp-content\/uploads\/2026\/02\/SALON-Z-KUCHNIA-1536x1152.jpg 1536w, https:\/\/w-pokoiku.pl\/wp-content\/uploads\/2026\/02\/SALON-Z-KUCHNIA-80x60.jpg 80w, https:\/\/w-pokoiku.pl\/wp-content\/uploads\/2026\/02\/SALON-Z-KUCHNIA.jpg 1600w\" sizes=\"auto, (max-width: 1024px) 100vw, 1024px\" \/><\/a><figcaption class=\"wp-element-caption\">salon<\/figcaption><\/figure>\n\n\n\n<figure class=\"wp-block-image size-large\"><a href=\"https:\/\/w-pokoiku.pl\/wp-content\/uploads\/2026\/02\/KUCHNIA.jpg\"><img loading=\"lazy\" decoding=\"async\" width=\"1024\" height=\"576\" data-id=\"1819\" src=\"https:\/\/w-pokoiku.pl\/wp-content\/uploads\/2026\/02\/KUCHNIA-1024x576.jpg\" alt=\"\" class=\"wp-image-1819\" srcset=\"https:\/\/w-pokoiku.pl\/wp-content\/uploads\/2026\/02\/KUCHNIA-1024x576.jpg 1024w, https:\/\/w-pokoiku.pl\/wp-content\/uploads\/2026\/02\/KUCHNIA-500x281.jpg 500w, https:\/\/w-pokoiku.pl\/wp-content\/uploads\/2026\/02\/KUCHNIA-300x169.jpg 300w, https:\/\/w-pokoiku.pl\/wp-content\/uploads\/2026\/02\/KUCHNIA-768x432.jpg 768w, https:\/\/w-pokoiku.pl\/wp-content\/uploads\/2026\/02\/KUCHNIA-1536x864.jpg 1536w, https:\/\/w-pokoiku.pl\/wp-content\/uploads\/2026\/02\/KUCHNIA-107x60.jpg 107w, https:\/\/w-pokoiku.pl\/wp-content\/uploads\/2026\/02\/KUCHNIA.jpg 1920w\" sizes=\"auto, (max-width: 1024px) 100vw, 1024px\" \/><\/a><figcaption class=\"wp-element-caption\">kuchnia<\/figcaption><\/figure>\n\n\n\n<figure class=\"wp-block-image size-large\"><a href=\"https:\/\/w-pokoiku.pl\/wp-content\/uploads\/2026\/02\/SYPIALNIA.jpg\"><img loading=\"lazy\" decoding=\"async\" width=\"1024\" height=\"576\" data-id=\"1827\" src=\"https:\/\/w-pokoiku.pl\/wp-content\/uploads\/2026\/02\/SYPIALNIA-1024x576.jpg\" alt=\"\" class=\"wp-image-1827\" srcset=\"https:\/\/w-pokoiku.pl\/wp-content\/uploads\/2026\/02\/SYPIALNIA-1024x576.jpg 1024w, https:\/\/w-pokoiku.pl\/wp-content\/uploads\/2026\/02\/SYPIALNIA-500x281.jpg 500w, https:\/\/w-pokoiku.pl\/wp-content\/uploads\/2026\/02\/SYPIALNIA-300x169.jpg 300w, https:\/\/w-pokoiku.pl\/wp-content\/uploads\/2026\/02\/SYPIALNIA-768x432.jpg 768w, https:\/\/w-pokoiku.pl\/wp-content\/uploads\/2026\/02\/SYPIALNIA-1536x864.jpg 1536w, https:\/\/w-pokoiku.pl\/wp-content\/uploads\/2026\/02\/SYPIALNIA-107x60.jpg 107w, https:\/\/w-pokoiku.pl\/wp-content\/uploads\/2026\/02\/SYPIALNIA.jpg 1920w\" sizes=\"auto, (max-width: 1024px) 100vw, 1024px\" \/><\/a><figcaption class=\"wp-element-caption\">sypialnia<\/figcaption><\/figure>\n\n\n\n<figure class=\"wp-block-image size-large\"><a href=\"https:\/\/w-pokoiku.pl\/wp-content\/uploads\/2026\/02\/SYPIALNIA_.jpg\"><img loading=\"lazy\" decoding=\"async\" width=\"1024\" height=\"576\" data-id=\"1828\" src=\"https:\/\/w-pokoiku.pl\/wp-content\/uploads\/2026\/02\/SYPIALNIA_-1024x576.jpg\" alt=\"\" class=\"wp-image-1828\" srcset=\"https:\/\/w-pokoiku.pl\/wp-content\/uploads\/2026\/02\/SYPIALNIA_-1024x576.jpg 1024w, https:\/\/w-pokoiku.pl\/wp-content\/uploads\/2026\/02\/SYPIALNIA_-500x281.jpg 500w, https:\/\/w-pokoiku.pl\/wp-content\/uploads\/2026\/02\/SYPIALNIA_-300x169.jpg 300w, https:\/\/w-pokoiku.pl\/wp-content\/uploads\/2026\/02\/SYPIALNIA_-768x432.jpg 768w, https:\/\/w-pokoiku.pl\/wp-content\/uploads\/2026\/02\/SYPIALNIA_-1536x864.jpg 1536w, https:\/\/w-pokoiku.pl\/wp-content\/uploads\/2026\/02\/SYPIALNIA_-107x60.jpg 107w, https:\/\/w-pokoiku.pl\/wp-content\/uploads\/2026\/02\/SYPIALNIA_.jpg 1920w\" sizes=\"auto, (max-width: 1024px) 100vw, 1024px\" \/><\/a><figcaption class=\"wp-element-caption\">sypialnia<\/figcaption><\/figure>\n\n\n\n<figure class=\"wp-block-image size-large\"><a href=\"https:\/\/w-pokoiku.pl\/wp-content\/uploads\/2026\/02\/KONSOLA.jpg\"><img loading=\"lazy\" decoding=\"async\" width=\"1024\" height=\"576\" data-id=\"1818\" src=\"https:\/\/w-pokoiku.pl\/wp-content\/uploads\/2026\/02\/KONSOLA-1024x576.jpg\" alt=\"\" class=\"wp-image-1818\" srcset=\"https:\/\/w-pokoiku.pl\/wp-content\/uploads\/2026\/02\/KONSOLA-1024x576.jpg 1024w, https:\/\/w-pokoiku.pl\/wp-content\/uploads\/2026\/02\/KONSOLA-500x281.jpg 500w, https:\/\/w-pokoiku.pl\/wp-content\/uploads\/2026\/02\/KONSOLA-300x169.jpg 300w, https:\/\/w-pokoiku.pl\/wp-content\/uploads\/2026\/02\/KONSOLA-768x432.jpg 768w, https:\/\/w-pokoiku.pl\/wp-content\/uploads\/2026\/02\/KONSOLA-1536x864.jpg 1536w, https:\/\/w-pokoiku.pl\/wp-content\/uploads\/2026\/02\/KONSOLA-107x60.jpg 107w, https:\/\/w-pokoiku.pl\/wp-content\/uploads\/2026\/02\/KONSOLA.jpg 1920w\" sizes=\"auto, (max-width: 1024px) 100vw, 1024px\" \/><\/a><figcaption class=\"wp-element-caption\">sypialnia<\/figcaption><\/figure>\n\n\n\n<figure class=\"wp-block-image size-large\"><a href=\"https:\/\/w-pokoiku.pl\/wp-content\/uploads\/2026\/02\/LAZIENKA.jpg\"><img loading=\"lazy\" decoding=\"async\" width=\"1024\" height=\"576\" data-id=\"1820\" src=\"https:\/\/w-pokoiku.pl\/wp-content\/uploads\/2026\/02\/LAZIENKA-1024x576.jpg\" alt=\"\" class=\"wp-image-1820\" srcset=\"https:\/\/w-pokoiku.pl\/wp-content\/uploads\/2026\/02\/LAZIENKA-1024x576.jpg 1024w, https:\/\/w-pokoiku.pl\/wp-content\/uploads\/2026\/02\/LAZIENKA-500x281.jpg 500w, https:\/\/w-pokoiku.pl\/wp-content\/uploads\/2026\/02\/LAZIENKA-300x169.jpg 300w, https:\/\/w-pokoiku.pl\/wp-content\/uploads\/2026\/02\/LAZIENKA-768x432.jpg 768w, https:\/\/w-pokoiku.pl\/wp-content\/uploads\/2026\/02\/LAZIENKA-1536x864.jpg 1536w, https:\/\/w-pokoiku.pl\/wp-content\/uploads\/2026\/02\/LAZIENKA-107x60.jpg 107w, https:\/\/w-pokoiku.pl\/wp-content\/uploads\/2026\/02\/LAZIENKA.jpg 1920w\" sizes=\"auto, (max-width: 1024px) 100vw, 1024px\" \/><\/a><figcaption class=\"wp-element-caption\">\u0142azienka<\/figcaption><\/figure>\n\n\n\n<figure class=\"wp-block-image size-large\"><a href=\"https:\/\/w-pokoiku.pl\/wp-content\/uploads\/2026\/02\/LAZIENKA_.jpg\"><img loading=\"lazy\" decoding=\"async\" width=\"1024\" height=\"576\" data-id=\"1821\" src=\"https:\/\/w-pokoiku.pl\/wp-content\/uploads\/2026\/02\/LAZIENKA_-1024x576.jpg\" alt=\"\" class=\"wp-image-1821\" srcset=\"https:\/\/w-pokoiku.pl\/wp-content\/uploads\/2026\/02\/LAZIENKA_-1024x576.jpg 1024w, https:\/\/w-pokoiku.pl\/wp-content\/uploads\/2026\/02\/LAZIENKA_-500x281.jpg 500w, https:\/\/w-pokoiku.pl\/wp-content\/uploads\/2026\/02\/LAZIENKA_-300x169.jpg 300w, https:\/\/w-pokoiku.pl\/wp-content\/uploads\/2026\/02\/LAZIENKA_-768x432.jpg 768w, https:\/\/w-pokoiku.pl\/wp-content\/uploads\/2026\/02\/LAZIENKA_-1536x864.jpg 1536w, https:\/\/w-pokoiku.pl\/wp-content\/uploads\/2026\/02\/LAZIENKA_-107x60.jpg 107w, https:\/\/w-pokoiku.pl\/wp-content\/uploads\/2026\/02\/LAZIENKA_.jpg 1920w\" sizes=\"auto, (max-width: 1024px) 100vw, 1024px\" \/><\/a><figcaption class=\"wp-element-caption\">\u0142azienka<\/figcaption><\/figure>\n<\/figure>\n\n\n\n<p><\/p>\n","protected":false},"excerpt":{"rendered":"<p>Powr\u00f3t do galerii Powr\u00f3t do Projekt Inwestycyjny Dwa pokoje z \u0142azienkami o \u015brednim standardzie, przeznaczone na wynajem kr\u00f3tkoterminowy zmieni\u0142am w apartament dla 2-4 os\u00f3b, r\u00f3wnie\u017c z przeznaczeniem na wynajem kr\u00f3tkoterminowy. Apartament zyska\u0142 aneks kuchenny, salon, sypialni\u0119 z du\u017cym wygodnym \u0142\u00f3\u017ckiem i wygodn\u0105 \u0142azienk\u0119.<\/p>\n","protected":false},"author":2,"featured_media":0,"parent":421,"menu_order":0,"comment_status":"closed","ping_status":"closed","template":"","meta":{"footnotes":""},"class_list":["post-430","page","type-page","status-publish","hentry"],"_links":{"self":[{"href":"https:\/\/w-pokoiku.pl\/index.php\/wp-json\/wp\/v2\/pages\/430","targetHints":{"allow":["GET"]}}],"collection":[{"href":"https:\/\/w-pokoiku.pl\/index.php\/wp-json\/wp\/v2\/pages"}],"about":[{"href":"https:\/\/w-pokoiku.pl\/index.php\/wp-json\/wp\/v2\/types\/page"}],"author":[{"embeddable":true,"href":"https:\/\/w-pokoiku.pl\/index.php\/wp-json\/wp\/v2\/users\/2"}],"replies":[{"embeddable":true,"href":"https:\/\/w-pokoiku.pl\/index.php\/wp-json\/wp\/v2\/comments?post=430"}],"version-history":[{"count":15,"href":"https:\/\/w-pokoiku.pl\/index.php\/wp-json\/wp\/v2\/pages\/430\/revisions"}],"predecessor-version":[{"id":1868,"href":"https:\/\/w-pokoiku.pl\/index.php\/wp-json\/wp\/v2\/pages\/430\/revisions\/1868"}],"up":[{"embeddable":true,"href":"https:\/\/w-pokoiku.pl\/index.php\/wp-json\/wp\/v2\/pages\/421"}],"wp:attachment":[{"href":"https:\/\/w-pokoiku.pl\/index.php\/wp-json\/wp\/v2\/media?parent=430"}],"curies":[{"name":"wp","href":"https:\/\/api.w.org\/{rel}","templated":true}]}}