{"id":8,"date":"2021-01-21T12:44:09","date_gmt":"2021-01-21T11:44:09","guid":{"rendered":"http:\/\/localhost\/WordPress\/?page_id=8"},"modified":"2026-01-28T18:35:16","modified_gmt":"2026-01-28T17:35:16","slug":"strona-glowna","status":"publish","type":"page","link":"https:\/\/w-pokoiku.pl\/","title":{"rendered":"Strona g\u0142\u00f3wna"},"content":{"rendered":"\n<p class=\"has-text-align-center\">Nazywam si\u0119 Emilia \u0141\u0105tkowska i od ponad 5 lat projektuj\u0119 wn\u0119trza, kt\u00f3re powstaj\u0105 na styku wra\u017cliwo\u015bci na potrzeby u\u017cytkownik\u00f3w i in\u017cynierskiej dok\u0142adno\u015bci. Jako projektant wn\u0119trz i in\u017cynier budownictwa tworz\u0119 wn\u0119trza trwa\u0142e, ponadczasowe i spokojne, dopasowane do codziennego \u017cycia. Do\u015bwiadczenie zawodowe sprawia, \u017ce starsze mieszkania i wymagaj\u0105ce uk\u0142ady nie stanowi\u0105 dla mnie ograniczenia, lecz daj\u0105 mo\u017cliwo\u015b\u0107 \u015bwiadomego i przemy\u015blanego projektowania.<\/p>\n\n\n\n<p><\/p>\n\n\n\n<p class=\"has-text-align-center\"><strong><em>Oferuj\u0119 projektowanie wn\u0119trz oparte na wiedzy technicznej, do\u015bwiadczeniu i uwa\u017cno\u015bci<\/em>.<\/strong><\/p>\n\n\n\n<p><\/p>\n","protected":false},"excerpt":{"rendered":"<p>Nazywam si\u0119 Emilia \u0141\u0105tkowska i od ponad 5 lat projektuj\u0119 wn\u0119trza, kt\u00f3re powstaj\u0105 na styku wra\u017cliwo\u015bci na potrzeby u\u017cytkownik\u00f3w i in\u017cynierskiej dok\u0142adno\u015bci. Jako projektant wn\u0119trz i in\u017cynier budownictwa tworz\u0119 wn\u0119trza trwa\u0142e, ponadczasowe i spokojne, dopasowane do codziennego \u017cycia. Do\u015bwiadczenie zawodowe sprawia, \u017ce starsze mieszkania i wymagaj\u0105ce uk\u0142ady nie stanowi\u0105 dla mnie ograniczenia, lecz daj\u0105 mo\u017cliwo\u015b\u0107 &hellip; <\/p>\n","protected":false},"author":1,"featured_media":0,"parent":0,"menu_order":0,"comment_status":"closed","ping_status":"closed","template":"","meta":{"footnotes":""},"class_list":["post-8","page","type-page","status-publish","hentry"],"_links":{"self":[{"href":"https:\/\/w-pokoiku.pl\/index.php\/wp-json\/wp\/v2\/pages\/8","targetHints":{"allow":["GET"]}}],"collection":[{"href":"https:\/\/w-pokoiku.pl\/index.php\/wp-json\/wp\/v2\/pages"}],"about":[{"href":"https:\/\/w-pokoiku.pl\/index.php\/wp-json\/wp\/v2\/types\/page"}],"author":[{"embeddable":true,"href":"https:\/\/w-pokoiku.pl\/index.php\/wp-json\/wp\/v2\/users\/1"}],"replies":[{"embeddable":true,"href":"https:\/\/w-pokoiku.pl\/index.php\/wp-json\/wp\/v2\/comments?post=8"}],"version-history":[{"count":13,"href":"https:\/\/w-pokoiku.pl\/index.php\/wp-json\/wp\/v2\/pages\/8\/revisions"}],"predecessor-version":[{"id":1811,"href":"https:\/\/w-pokoiku.pl\/index.php\/wp-json\/wp\/v2\/pages\/8\/revisions\/1811"}],"wp:attachment":[{"href":"https:\/\/w-pokoiku.pl\/index.php\/wp-json\/wp\/v2\/media?parent=8"}],"curies":[{"name":"wp","href":"https:\/\/api.w.org\/{rel}","templated":true}]}}